{"id":433,"date":"2021-05-29T17:46:17","date_gmt":"2021-05-29T15:46:17","guid":{"rendered":"http:\/\/liebherr-baggermodelle.de\/?page_id=433"},"modified":"2022-06-15T17:29:38","modified_gmt":"2022-06-15T15:29:38","slug":"liebherr-modell-videos","status":"publish","type":"page","link":"http:\/\/liebherr-baggermodelle.de\/?page_id=433","title":{"rendered":"LIEBHERR Modell Videos"},"content":{"rendered":"\n<p>Auf dieser Seite m\u00f6chte ich Ihnen Videos von LIEBHERR Modellbaggern in verschiedenen Ma\u00dfst\u00e4ben zeigen. Diese LIEBHERR Modelle sind teilweise von professionellen Modellbauern, oder aber von Firmen gebaut worden, die sich direkt diesem Metier gewidmet haben. Aber,es sind auch Einzelst\u00fccke dabei, die von privaten Personen in m\u00fchevoller Handarbeit entstanden<br><br>Bitte beachten Sie, dass die Videos teilweise mit Werbung versehen sind, die Sie durch einen einfachen Klick \u00fcberspringen k\u00f6nnen. <br><br><a rel=\"noreferrer noopener\" href=\"http:\/\/liebherr-baggermodelle.de\/wp-content\/uploads\/2021\/05\/Liebherr-R970-SME-Massstab-1-zu-10.mp4\" target=\"_blank\">LIEBHERR R 970 SME<\/a> im Ma\u00dfstab 1:10<br><a rel=\"noreferrer noopener\" href=\"http:\/\/liebherr-baggermodelle.de\/wp-content\/uploads\/2021\/05\/LIEBHERR-960-SME.mp4\" target=\"_blank\">LIEBHERR R 960 SME<\/a><br><a rel=\"noreferrer noopener\" href=\"http:\/\/liebherr-baggermodelle.de\/wp-content\/uploads\/2021\/05\/LIEBHERR-BAGGER-946.mp4\" target=\"_blank\">LIEBHERR R 942<\/a><br><a rel=\"noreferrer noopener\" href=\"http:\/\/liebherr-baggermodelle.de\/wp-content\/uploads\/2021\/05\/Liebherr-R920-Compact.mp4\" target=\"_blank\">LIEBHERR R 920 Compact<\/a><br><a href=\"https:\/\/youtu.be\/VRp-Fk48UFA\">LIEBHERR R 984 Litronic Tiefl\u00f6ffel<\/a><br><a href=\"https:\/\/youtu.be\/ZhTUWBJGx_E\">LIEBHERR R 970 SME<\/a><br><a href=\"https:\/\/youtu.be\/XGm0gRdCcCE\">LIEBHERR R 970 SME 2. Video<\/a><br><a href=\"https:\/\/youtu.be\/-51H_3QiuWE\">LIEBHERR R 994<\/a><br><a href=\"https:\/\/youtu.be\/MwMgPeoIs7w\">LIEBHERR R 9800<\/a><br><a href=\"https:\/\/youtu.be\/afJ3gQpbcjA\">LIEBHERR R 9800<\/a> Teil 1<br><a href=\"https:\/\/youtu.be\/jqzPGB6uJxc\">LIEBHERR R 9800<\/a> Teil 2<br><a href=\"https:\/\/youtu.be\/QA6OlPaC7rM\">LIEBHERR R 9800<\/a> Teil 3<br><br><a rel=\"noreferrer noopener\" href=\"http:\/\/liebherr-baggermodelle.de\/\" target=\"_blank\">Startseite<\/a><br><a rel=\"noreferrer noopener\" href=\"http:\/\/liebherr-baggermodelle.de\/?page_id=59\" target=\"_blank\">LIEBHERR Modelle<\/a><\/p>\n\n\n\n<figure class=\"wp-container-2 wp-block-gallery-1 wp-block-gallery has-nested-images columns-default is-cropped\"><\/figure>\n\n\n\n<p><\/p>\n","protected":false},"excerpt":{"rendered":"<p>Auf dieser Seite m\u00f6chte ich Ihnen Videos von LIEBHERR Modellbaggern in verschiedenen Ma\u00dfst\u00e4ben zeigen. Diese LIEBHERR Modelle sind teilweise von professionellen Modellbauern, oder aber von Firmen gebaut worden, die sich direkt diesem Metier gewidmet haben. Aber,es sind auch Einzelst\u00fccke dabei, &hellip; <a href=\"http:\/\/liebherr-baggermodelle.de\/?page_id=433\">Weiterlesen <span class=\"meta-nav\">&rarr;<\/span><\/a><\/p>\n","protected":false},"author":1,"featured_media":0,"parent":0,"menu_order":2,"comment_status":"closed","ping_status":"closed","template":"","meta":[],"_links":{"self":[{"href":"http:\/\/liebherr-baggermodelle.de\/index.php?rest_route=\/wp\/v2\/pages\/433"}],"collection":[{"href":"http:\/\/liebherr-baggermodelle.de\/index.php?rest_route=\/wp\/v2\/pages"}],"about":[{"href":"http:\/\/liebherr-baggermodelle.de\/index.php?rest_route=\/wp\/v2\/types\/page"}],"author":[{"embeddable":true,"href":"http:\/\/liebherr-baggermodelle.de\/index.php?rest_route=\/wp\/v2\/users\/1"}],"replies":[{"embeddable":true,"href":"http:\/\/liebherr-baggermodelle.de\/index.php?rest_route=%2Fwp%2Fv2%2Fcomments&post=433"}],"version-history":[{"count":9,"href":"http:\/\/liebherr-baggermodelle.de\/index.php?rest_route=\/wp\/v2\/pages\/433\/revisions"}],"predecessor-version":[{"id":707,"href":"http:\/\/liebherr-baggermodelle.de\/index.php?rest_route=\/wp\/v2\/pages\/433\/revisions\/707"}],"wp:attachment":[{"href":"http:\/\/liebherr-baggermodelle.de\/index.php?rest_route=%2Fwp%2Fv2%2Fmedia&parent=433"}],"curies":[{"name":"wp","href":"https:\/\/api.w.org\/{rel}","templated":true}]}}