{"id":59,"date":"2021-05-25T22:07:45","date_gmt":"2021-05-25T20:07:45","guid":{"rendered":"http:\/\/liebherr-baggermodelle.de\/?page_id=59"},"modified":"2022-05-25T12:09:55","modified_gmt":"2022-05-25T10:09:55","slug":"liebherr-modelle","status":"publish","type":"page","link":"http:\/\/liebherr-baggermodelle.de\/?page_id=59","title":{"rendered":"LIEBHERR Modelle"},"content":{"rendered":"\n<p>Es gibt eine Vielzahl von LIEBHERR Modellen die mit Raupen ausgestattet sind.<br>Viele der angebotenen Modelle werden in den Farben der verschiedenen Firmen lackiert. Diese Modelle erzielen dann auch astronomische Preise, da sie nur in geringen St\u00fcckzahlen auf den Markt gebracht werden und bei Liebhabern sehr begehrt sind.<br><br>Das derzeit gr\u00f6\u00dfte angebotene Modell von LIEBHERR Baggern ist der LIEBHERR \u00a09800 von CONRAD. Es ist ein wahres Spitzenmodell !<br><br>Richtig viel Geld kann man bei den Sondermodellen von LIEBHERR ausgeben. Diese sind wahre Rarit\u00e4ten und meist nur zu H\u00f6chstpreisen zu erstehen.<br><br><a rel=\"noreferrer noopener\" href=\"http:\/\/liebherr-baggermodelle.de\/?page_id=81\" target=\"_blank\">Raupenbagger<\/a><br><a href=\"http:\/\/liebherr-baggermodelle.de\/?page_id=195\">Planierraupen<\/a><br><a rel=\"noreferrer noopener\" href=\"http:\/\/liebherr-baggermodelle.de\/?page_id=140\" target=\"_blank\">Sondermodelle<\/a><br><a rel=\"noreferrer noopener\" href=\"http:\/\/liebherr-baggermodelle.de\/?page_id=433\" target=\"_blank\">LIEBHERR Modell Videos<\/a><\/p>\n\n\n\n<p><\/p>\n\n\n\n<p><\/p>\n\n\n\n<p><a rel=\"noreferrer noopener\" href=\"http:\/\/liebherr-baggermodelle.de\/\" target=\"_blank\">Startseite<\/a><\/p>\n","protected":false},"excerpt":{"rendered":"<p>Es gibt eine Vielzahl von LIEBHERR Modellen die mit Raupen ausgestattet sind.Viele der angebotenen Modelle werden in den Farben der verschiedenen Firmen lackiert. Diese Modelle erzielen dann auch astronomische Preise, da sie nur in geringen St\u00fcckzahlen auf den Markt gebracht &hellip; <a href=\"http:\/\/liebherr-baggermodelle.de\/?page_id=59\">Weiterlesen <span class=\"meta-nav\">&rarr;<\/span><\/a><\/p>\n","protected":false},"author":1,"featured_media":65,"parent":0,"menu_order":1,"comment_status":"closed","ping_status":"closed","template":"","meta":[],"_links":{"self":[{"href":"http:\/\/liebherr-baggermodelle.de\/index.php?rest_route=\/wp\/v2\/pages\/59"}],"collection":[{"href":"http:\/\/liebherr-baggermodelle.de\/index.php?rest_route=\/wp\/v2\/pages"}],"about":[{"href":"http:\/\/liebherr-baggermodelle.de\/index.php?rest_route=\/wp\/v2\/types\/page"}],"author":[{"embeddable":true,"href":"http:\/\/liebherr-baggermodelle.de\/index.php?rest_route=\/wp\/v2\/users\/1"}],"replies":[{"embeddable":true,"href":"http:\/\/liebherr-baggermodelle.de\/index.php?rest_route=%2Fwp%2Fv2%2Fcomments&post=59"}],"version-history":[{"count":10,"href":"http:\/\/liebherr-baggermodelle.de\/index.php?rest_route=\/wp\/v2\/pages\/59\/revisions"}],"predecessor-version":[{"id":823,"href":"http:\/\/liebherr-baggermodelle.de\/index.php?rest_route=\/wp\/v2\/pages\/59\/revisions\/823"}],"wp:featuredmedia":[{"embeddable":true,"href":"http:\/\/liebherr-baggermodelle.de\/index.php?rest_route=\/wp\/v2\/media\/65"}],"wp:attachment":[{"href":"http:\/\/liebherr-baggermodelle.de\/index.php?rest_route=%2Fwp%2Fv2%2Fmedia&parent=59"}],"curies":[{"name":"wp","href":"https:\/\/api.w.org\/{rel}","templated":true}]}}