{"id":593,"date":"2022-05-29T13:54:24","date_gmt":"2022-05-29T11:54:24","guid":{"rendered":"http:\/\/liebherr-baggermodelle.de\/?page_id=593"},"modified":"2022-06-17T21:09:08","modified_gmt":"2022-06-17T19:09:08","slug":"liebherr-r-952","status":"publish","type":"page","link":"http:\/\/liebherr-baggermodelle.de\/?page_id=593","title":{"rendered":"LIEBHERR R 952"},"content":{"rendered":"\n<p>Ein CONRAD Modell aus den Anf\u00e4ngen meiner Sammelleidenschaft, ist das Modell des LIEBHERR R 952. Auch dieses Modell ist nur noch \u00fcber eBay, oder \u00fcber eBay Kleinanzeigen erh\u00e4ltlich.<\/p>\n\n\n\n<figure class=\"wp-container-2 wp-block-gallery-1 wp-block-gallery has-nested-images columns-default is-cropped\">\n<figure class=\"wp-block-image size-large\"><a href=\"http:\/\/liebherr-baggermodelle.de\/wp-content\/uploads\/2022\/05\/LIEBHERR-R-952-Bild-1.jpg\" target=\"_blank\" rel=\"noopener\"><img loading=\"lazy\" width=\"680\" height=\"486\" data-id=\"595\"  src=\"http:\/\/liebherr-baggermodelle.de\/wp-content\/uploads\/2022\/05\/LIEBHERR-R-952-Bild-1.jpg\" alt=\"\" class=\"wp-image-595\" srcset=\"http:\/\/liebherr-baggermodelle.de\/wp-content\/uploads\/2022\/05\/LIEBHERR-R-952-Bild-1.jpg 680w, http:\/\/liebherr-baggermodelle.de\/wp-content\/uploads\/2022\/05\/LIEBHERR-R-952-Bild-1-300x214.jpg 300w, http:\/\/liebherr-baggermodelle.de\/wp-content\/uploads\/2022\/05\/LIEBHERR-R-952-Bild-1-420x300.jpg 420w\" sizes=\"(max-width: 680px) 100vw, 680px\" \/><\/a><\/figure>\n<\/figure>\n\n\n\n<p><\/p>\n\n\n\n<figure class=\"wp-container-4 wp-block-gallery-3 wp-block-gallery has-nested-images columns-default is-cropped\">\n<figure class=\"wp-block-image size-large\"><img loading=\"lazy\" width=\"680\" height=\"576\" data-id=\"596\"  src=\"http:\/\/liebherr-baggermodelle.de\/wp-content\/uploads\/2022\/05\/LIEBHERR-R-952-Bild-2.jpg\" alt=\"\" class=\"wp-image-596\" srcset=\"http:\/\/liebherr-baggermodelle.de\/wp-content\/uploads\/2022\/05\/LIEBHERR-R-952-Bild-2.jpg 680w, http:\/\/liebherr-baggermodelle.de\/wp-content\/uploads\/2022\/05\/LIEBHERR-R-952-Bild-2-300x254.jpg 300w, http:\/\/liebherr-baggermodelle.de\/wp-content\/uploads\/2022\/05\/LIEBHERR-R-952-Bild-2-354x300.jpg 354w\" sizes=\"(max-width: 680px) 100vw, 680px\" \/><\/figure>\n<\/figure>\n\n\n\n<figure class=\"wp-container-6 wp-block-gallery-5 wp-block-gallery has-nested-images columns-default is-cropped\">\n<figure class=\"wp-block-image size-large\"><img loading=\"lazy\" width=\"680\" height=\"436\" data-id=\"597\"  src=\"http:\/\/liebherr-baggermodelle.de\/wp-content\/uploads\/2022\/05\/LIEBHERR-R-952-Bild-3.jpg\" alt=\"\" class=\"wp-image-597\" srcset=\"http:\/\/liebherr-baggermodelle.de\/wp-content\/uploads\/2022\/05\/LIEBHERR-R-952-Bild-3.jpg 680w, http:\/\/liebherr-baggermodelle.de\/wp-content\/uploads\/2022\/05\/LIEBHERR-R-952-Bild-3-300x192.jpg 300w, http:\/\/liebherr-baggermodelle.de\/wp-content\/uploads\/2022\/05\/LIEBHERR-R-952-Bild-3-468x300.jpg 468w\" sizes=\"(max-width: 680px) 100vw, 680px\" \/><\/figure>\n<\/figure>\n\n\n\n<figure class=\"wp-container-8 wp-block-gallery-7 wp-block-gallery has-nested-images columns-default is-cropped\">\n<figure class=\"wp-block-image size-large\"><img loading=\"lazy\" width=\"680\" height=\"562\" data-id=\"598\"  src=\"http:\/\/liebherr-baggermodelle.de\/wp-content\/uploads\/2022\/05\/LIEBHERR-R-952-Bild-4.jpg\" alt=\"\" class=\"wp-image-598\" srcset=\"http:\/\/liebherr-baggermodelle.de\/wp-content\/uploads\/2022\/05\/LIEBHERR-R-952-Bild-4.jpg 680w, http:\/\/liebherr-baggermodelle.de\/wp-content\/uploads\/2022\/05\/LIEBHERR-R-952-Bild-4-300x248.jpg 300w, http:\/\/liebherr-baggermodelle.de\/wp-content\/uploads\/2022\/05\/LIEBHERR-R-952-Bild-4-363x300.jpg 363w\" sizes=\"(max-width: 680px) 100vw, 680px\" \/><\/figure>\n<\/figure>\n\n\n\n<figure class=\"wp-container-10 wp-block-gallery-9 wp-block-gallery has-nested-images columns-default is-cropped\">\n<figure class=\"wp-block-image size-large\"><img loading=\"lazy\" width=\"680\" height=\"432\" data-id=\"599\"  src=\"http:\/\/liebherr-baggermodelle.de\/wp-content\/uploads\/2022\/05\/LIEBHERR-R-952-Bild-5.jpg\" alt=\"\" class=\"wp-image-599\" srcset=\"http:\/\/liebherr-baggermodelle.de\/wp-content\/uploads\/2022\/05\/LIEBHERR-R-952-Bild-5.jpg 680w, http:\/\/liebherr-baggermodelle.de\/wp-content\/uploads\/2022\/05\/LIEBHERR-R-952-Bild-5-300x191.jpg 300w, http:\/\/liebherr-baggermodelle.de\/wp-content\/uploads\/2022\/05\/LIEBHERR-R-952-Bild-5-472x300.jpg 472w\" sizes=\"(max-width: 680px) 100vw, 680px\" \/><\/figure>\n<\/figure>\n\n\n\n<figure class=\"wp-container-12 wp-block-gallery-11 wp-block-gallery has-nested-images columns-default is-cropped\">\n<figure class=\"wp-block-image size-large\"><img loading=\"lazy\" width=\"680\" height=\"436\" data-id=\"600\"  src=\"http:\/\/liebherr-baggermodelle.de\/wp-content\/uploads\/2022\/05\/LIEBHERR-R-952-Bild-6.jpg\" alt=\"\" class=\"wp-image-600\" srcset=\"http:\/\/liebherr-baggermodelle.de\/wp-content\/uploads\/2022\/05\/LIEBHERR-R-952-Bild-6.jpg 680w, http:\/\/liebherr-baggermodelle.de\/wp-content\/uploads\/2022\/05\/LIEBHERR-R-952-Bild-6-300x192.jpg 300w, http:\/\/liebherr-baggermodelle.de\/wp-content\/uploads\/2022\/05\/LIEBHERR-R-952-Bild-6-468x300.jpg 468w\" sizes=\"(max-width: 680px) 100vw, 680px\" \/><\/figure>\n<\/figure>\n\n\n\n<p><a href=\"http:\/\/liebherr-baggermodelle.de\/?page_id=81\">Raupenbagger<\/a><\/p>\n","protected":false},"excerpt":{"rendered":"<p>Ein CONRAD Modell aus den Anf\u00e4ngen meiner Sammelleidenschaft, ist das Modell des LIEBHERR R 952. Auch dieses Modell ist nur noch \u00fcber eBay, oder \u00fcber eBay Kleinanzeigen erh\u00e4ltlich. Raupenbagger<\/p>\n","protected":false},"author":1,"featured_media":0,"parent":81,"menu_order":11,"comment_status":"closed","ping_status":"closed","template":"","meta":[],"_links":{"self":[{"href":"http:\/\/liebherr-baggermodelle.de\/index.php?rest_route=\/wp\/v2\/pages\/593"}],"collection":[{"href":"http:\/\/liebherr-baggermodelle.de\/index.php?rest_route=\/wp\/v2\/pages"}],"about":[{"href":"http:\/\/liebherr-baggermodelle.de\/index.php?rest_route=\/wp\/v2\/types\/page"}],"author":[{"embeddable":true,"href":"http:\/\/liebherr-baggermodelle.de\/index.php?rest_route=\/wp\/v2\/users\/1"}],"replies":[{"embeddable":true,"href":"http:\/\/liebherr-baggermodelle.de\/index.php?rest_route=%2Fwp%2Fv2%2Fcomments&post=593"}],"version-history":[{"count":3,"href":"http:\/\/liebherr-baggermodelle.de\/index.php?rest_route=\/wp\/v2\/pages\/593\/revisions"}],"predecessor-version":[{"id":774,"href":"http:\/\/liebherr-baggermodelle.de\/index.php?rest_route=\/wp\/v2\/pages\/593\/revisions\/774"}],"up":[{"embeddable":true,"href":"http:\/\/liebherr-baggermodelle.de\/index.php?rest_route=\/wp\/v2\/pages\/81"}],"wp:attachment":[{"href":"http:\/\/liebherr-baggermodelle.de\/index.php?rest_route=%2Fwp%2Fv2%2Fmedia&parent=593"}],"curies":[{"name":"wp","href":"https:\/\/api.w.org\/{rel}","templated":true}]}}