{"id":666,"date":"2022-06-15T16:38:31","date_gmt":"2022-06-15T14:38:31","guid":{"rendered":"http:\/\/liebherr-baggermodelle.de\/?page_id=666"},"modified":"2022-06-17T20:31:44","modified_gmt":"2022-06-17T18:31:44","slug":"liebherr-t-282-b-gelbe-version","status":"publish","type":"page","link":"http:\/\/liebherr-baggermodelle.de\/?page_id=666","title":{"rendered":"LIEBHERR T 282 B gelbe Version"},"content":{"rendered":"\n<p>Ein weiteres Sondermodell der Firma CONRAD ist der LIEBHERR T 282 B in der gelben Version. Dieses Modell ist so wohl bei den einschl\u00e4gigen Modellshops im Internet sehr schwer zu bekommen, noch bestehen gro\u00dfe Chancen es \u00fcber eBay und eBay Kleinanzeigen zu erstehen. Ich hatte das besondere Gl\u00fcck, es gegen ein anderes Sondermodell einzutauschen.<\/p>\n\n\n\n<figure class=\"wp-container-2 wp-block-gallery-1 wp-block-gallery has-nested-images columns-default is-cropped\">\n<figure class=\"wp-block-image size-large\"><a href=\"http:\/\/liebherr-baggermodelle.de\/wp-content\/uploads\/2022\/06\/LIEBHERR-T-282-B-gelb-Bild-1.jpg\" target=\"_blank\" rel=\"noopener\"><img loading=\"lazy\" width=\"680\" height=\"446\" data-id=\"669\"  src=\"http:\/\/liebherr-baggermodelle.de\/wp-content\/uploads\/2022\/06\/LIEBHERR-T-282-B-gelb-Bild-1.jpg\" alt=\"\" class=\"wp-image-669\" srcset=\"http:\/\/liebherr-baggermodelle.de\/wp-content\/uploads\/2022\/06\/LIEBHERR-T-282-B-gelb-Bild-1.jpg 680w, http:\/\/liebherr-baggermodelle.de\/wp-content\/uploads\/2022\/06\/LIEBHERR-T-282-B-gelb-Bild-1-300x197.jpg 300w, http:\/\/liebherr-baggermodelle.de\/wp-content\/uploads\/2022\/06\/LIEBHERR-T-282-B-gelb-Bild-1-457x300.jpg 457w\" sizes=\"(max-width: 680px) 100vw, 680px\" \/><\/a><\/figure>\n\n\n\n<figure class=\"wp-block-image size-large\"><a href=\"http:\/\/liebherr-baggermodelle.de\/wp-content\/uploads\/2022\/06\/LIEBHERR-T-282-B-gelb-Bild-2.jpg\" target=\"_blank\" rel=\"noopener\"><img loading=\"lazy\" width=\"680\" height=\"429\" data-id=\"670\"  src=\"http:\/\/liebherr-baggermodelle.de\/wp-content\/uploads\/2022\/06\/LIEBHERR-T-282-B-gelb-Bild-2.jpg\" alt=\"\" class=\"wp-image-670\" srcset=\"http:\/\/liebherr-baggermodelle.de\/wp-content\/uploads\/2022\/06\/LIEBHERR-T-282-B-gelb-Bild-2.jpg 680w, http:\/\/liebherr-baggermodelle.de\/wp-content\/uploads\/2022\/06\/LIEBHERR-T-282-B-gelb-Bild-2-300x189.jpg 300w, http:\/\/liebherr-baggermodelle.de\/wp-content\/uploads\/2022\/06\/LIEBHERR-T-282-B-gelb-Bild-2-476x300.jpg 476w\" sizes=\"(max-width: 680px) 100vw, 680px\" \/><\/a><\/figure>\n\n\n\n<figure class=\"wp-block-image size-full\"><a href=\"http:\/\/liebherr-baggermodelle.de\/wp-content\/uploads\/2022\/06\/LIEBHERR-T-282-B-gelb-Bild-3.jpg\" target=\"_blank\" rel=\"noopener\"><img loading=\"lazy\" width=\"680\" height=\"443\" data-id=\"671\"  src=\"http:\/\/liebherr-baggermodelle.de\/wp-content\/uploads\/2022\/06\/LIEBHERR-T-282-B-gelb-Bild-3.jpg\" alt=\"\" class=\"wp-image-671\" srcset=\"http:\/\/liebherr-baggermodelle.de\/wp-content\/uploads\/2022\/06\/LIEBHERR-T-282-B-gelb-Bild-3.jpg 680w, http:\/\/liebherr-baggermodelle.de\/wp-content\/uploads\/2022\/06\/LIEBHERR-T-282-B-gelb-Bild-3-300x195.jpg 300w, http:\/\/liebherr-baggermodelle.de\/wp-content\/uploads\/2022\/06\/LIEBHERR-T-282-B-gelb-Bild-3-460x300.jpg 460w\" sizes=\"(max-width: 680px) 100vw, 680px\" \/><\/a><\/figure>\n\n\n\n<figure class=\"wp-block-image size-large\"><a href=\"http:\/\/liebherr-baggermodelle.de\/wp-content\/uploads\/2022\/06\/LIEBHERR-T-282-B-gelb-Bild-5.jpg\" target=\"_blank\" rel=\"noopener\"><img loading=\"lazy\" width=\"600\" height=\"463\" data-id=\"673\"  src=\"http:\/\/liebherr-baggermodelle.de\/wp-content\/uploads\/2022\/06\/LIEBHERR-T-282-B-gelb-Bild-5.jpg\" alt=\"\" class=\"wp-image-673\" srcset=\"http:\/\/liebherr-baggermodelle.de\/wp-content\/uploads\/2022\/06\/LIEBHERR-T-282-B-gelb-Bild-5.jpg 600w, http:\/\/liebherr-baggermodelle.de\/wp-content\/uploads\/2022\/06\/LIEBHERR-T-282-B-gelb-Bild-5-300x232.jpg 300w, http:\/\/liebherr-baggermodelle.de\/wp-content\/uploads\/2022\/06\/LIEBHERR-T-282-B-gelb-Bild-5-389x300.jpg 389w\" sizes=\"(max-width: 600px) 100vw, 600px\" \/><\/a><\/figure>\n\n\n\n<figure class=\"wp-block-image size-large\"><a href=\"http:\/\/liebherr-baggermodelle.de\/wp-content\/uploads\/2022\/06\/LIEBHERR-T-282-B-gelb-Bild-6.jpg\" target=\"_blank\" rel=\"noopener\"><img loading=\"lazy\" width=\"680\" height=\"447\" data-id=\"675\"  src=\"http:\/\/liebherr-baggermodelle.de\/wp-content\/uploads\/2022\/06\/LIEBHERR-T-282-B-gelb-Bild-6.jpg\" alt=\"\" class=\"wp-image-675\" srcset=\"http:\/\/liebherr-baggermodelle.de\/wp-content\/uploads\/2022\/06\/LIEBHERR-T-282-B-gelb-Bild-6.jpg 680w, http:\/\/liebherr-baggermodelle.de\/wp-content\/uploads\/2022\/06\/LIEBHERR-T-282-B-gelb-Bild-6-300x197.jpg 300w, http:\/\/liebherr-baggermodelle.de\/wp-content\/uploads\/2022\/06\/LIEBHERR-T-282-B-gelb-Bild-6-456x300.jpg 456w\" sizes=\"(max-width: 680px) 100vw, 680px\" \/><\/a><\/figure>\n\n\n\n<figure class=\"wp-block-image size-large\"><a href=\"http:\/\/liebherr-baggermodelle.de\/wp-content\/uploads\/2022\/06\/LIEBHERR-T-282-B-gelb-Bild-7.jpg\" target=\"_blank\" rel=\"noopener\"><img loading=\"lazy\" width=\"680\" height=\"479\" data-id=\"676\"  src=\"http:\/\/liebherr-baggermodelle.de\/wp-content\/uploads\/2022\/06\/LIEBHERR-T-282-B-gelb-Bild-7.jpg\" alt=\"\" class=\"wp-image-676\" srcset=\"http:\/\/liebherr-baggermodelle.de\/wp-content\/uploads\/2022\/06\/LIEBHERR-T-282-B-gelb-Bild-7.jpg 680w, http:\/\/liebherr-baggermodelle.de\/wp-content\/uploads\/2022\/06\/LIEBHERR-T-282-B-gelb-Bild-7-300x211.jpg 300w, http:\/\/liebherr-baggermodelle.de\/wp-content\/uploads\/2022\/06\/LIEBHERR-T-282-B-gelb-Bild-7-426x300.jpg 426w\" sizes=\"(max-width: 680px) 100vw, 680px\" \/><\/a><\/figure>\n\n\n\n<figure class=\"wp-block-image size-large\"><a href=\"http:\/\/liebherr-baggermodelle.de\/wp-content\/uploads\/2022\/06\/LIEBHERR-T-282-B-gelb-Bild-8.jpg\" target=\"_blank\" rel=\"noopener\"><img loading=\"lazy\" width=\"600\" height=\"555\" data-id=\"677\"  src=\"http:\/\/liebherr-baggermodelle.de\/wp-content\/uploads\/2022\/06\/LIEBHERR-T-282-B-gelb-Bild-8.jpg\" alt=\"\" class=\"wp-image-677\" srcset=\"http:\/\/liebherr-baggermodelle.de\/wp-content\/uploads\/2022\/06\/LIEBHERR-T-282-B-gelb-Bild-8.jpg 600w, http:\/\/liebherr-baggermodelle.de\/wp-content\/uploads\/2022\/06\/LIEBHERR-T-282-B-gelb-Bild-8-300x278.jpg 300w, http:\/\/liebherr-baggermodelle.de\/wp-content\/uploads\/2022\/06\/LIEBHERR-T-282-B-gelb-Bild-8-324x300.jpg 324w\" sizes=\"(max-width: 600px) 100vw, 600px\" \/><\/a><\/figure>\n\n\n\n<figure class=\"wp-block-image size-large\"><a href=\"http:\/\/liebherr-baggermodelle.de\/wp-content\/uploads\/2022\/06\/LIEBHERR-T-282-B-gelb-Bild-9.jpg\" target=\"_blank\" rel=\"noopener\"><img loading=\"lazy\" width=\"600\" height=\"524\" data-id=\"678\"  src=\"http:\/\/liebherr-baggermodelle.de\/wp-content\/uploads\/2022\/06\/LIEBHERR-T-282-B-gelb-Bild-9.jpg\" alt=\"\" class=\"wp-image-678\" srcset=\"http:\/\/liebherr-baggermodelle.de\/wp-content\/uploads\/2022\/06\/LIEBHERR-T-282-B-gelb-Bild-9.jpg 600w, http:\/\/liebherr-baggermodelle.de\/wp-content\/uploads\/2022\/06\/LIEBHERR-T-282-B-gelb-Bild-9-300x262.jpg 300w, http:\/\/liebherr-baggermodelle.de\/wp-content\/uploads\/2022\/06\/LIEBHERR-T-282-B-gelb-Bild-9-344x300.jpg 344w\" sizes=\"(max-width: 600px) 100vw, 600px\" \/><\/a><\/figure>\n\n\n\n<figure class=\"wp-block-image size-large\"><a href=\"http:\/\/liebherr-baggermodelle.de\/wp-content\/uploads\/2022\/06\/LIEBHERR-T-282-B-gelb-Bild-11.jpg\" target=\"_blank\" rel=\"noopener\"><img loading=\"lazy\" width=\"680\" height=\"475\" data-id=\"680\"  src=\"http:\/\/liebherr-baggermodelle.de\/wp-content\/uploads\/2022\/06\/LIEBHERR-T-282-B-gelb-Bild-11.jpg\" alt=\"\" class=\"wp-image-680\" srcset=\"http:\/\/liebherr-baggermodelle.de\/wp-content\/uploads\/2022\/06\/LIEBHERR-T-282-B-gelb-Bild-11.jpg 680w, http:\/\/liebherr-baggermodelle.de\/wp-content\/uploads\/2022\/06\/LIEBHERR-T-282-B-gelb-Bild-11-300x210.jpg 300w, http:\/\/liebherr-baggermodelle.de\/wp-content\/uploads\/2022\/06\/LIEBHERR-T-282-B-gelb-Bild-11-429x300.jpg 429w\" sizes=\"(max-width: 680px) 100vw, 680px\" \/><\/a><\/figure>\n\n\n\n<figure class=\"wp-block-image size-large\"><a href=\"http:\/\/liebherr-baggermodelle.de\/wp-content\/uploads\/2022\/06\/LIEBHERR-T-282-B-gelb-Bild-12.jpg\" target=\"_blank\" rel=\"noopener\"><img loading=\"lazy\" width=\"600\" height=\"516\" data-id=\"681\"  src=\"http:\/\/liebherr-baggermodelle.de\/wp-content\/uploads\/2022\/06\/LIEBHERR-T-282-B-gelb-Bild-12.jpg\" alt=\"\" class=\"wp-image-681\" srcset=\"http:\/\/liebherr-baggermodelle.de\/wp-content\/uploads\/2022\/06\/LIEBHERR-T-282-B-gelb-Bild-12.jpg 600w, http:\/\/liebherr-baggermodelle.de\/wp-content\/uploads\/2022\/06\/LIEBHERR-T-282-B-gelb-Bild-12-300x258.jpg 300w, http:\/\/liebherr-baggermodelle.de\/wp-content\/uploads\/2022\/06\/LIEBHERR-T-282-B-gelb-Bild-12-349x300.jpg 349w\" sizes=\"(max-width: 600px) 100vw, 600px\" \/><\/a><\/figure>\n\n\n\n<figure class=\"wp-block-image size-large\"><a href=\"http:\/\/liebherr-baggermodelle.de\/wp-content\/uploads\/2022\/06\/LIEBHERR-T-282-B-gelb-Bild-13.jpg\" target=\"_blank\" rel=\"noopener\"><img loading=\"lazy\" width=\"600\" height=\"499\" data-id=\"682\"  src=\"http:\/\/liebherr-baggermodelle.de\/wp-content\/uploads\/2022\/06\/LIEBHERR-T-282-B-gelb-Bild-13.jpg\" alt=\"\" class=\"wp-image-682\" srcset=\"http:\/\/liebherr-baggermodelle.de\/wp-content\/uploads\/2022\/06\/LIEBHERR-T-282-B-gelb-Bild-13.jpg 600w, http:\/\/liebherr-baggermodelle.de\/wp-content\/uploads\/2022\/06\/LIEBHERR-T-282-B-gelb-Bild-13-300x250.jpg 300w, http:\/\/liebherr-baggermodelle.de\/wp-content\/uploads\/2022\/06\/LIEBHERR-T-282-B-gelb-Bild-13-361x300.jpg 361w\" sizes=\"(max-width: 600px) 100vw, 600px\" \/><\/a><\/figure>\n<\/figure>\n\n\n\n<p><\/p>\n\n\n\n<p><a href=\"http:\/\/liebherr-baggermodelle.de\/?page_id=140\">LIEBHERR Sondermodelle<\/a><\/p>\n","protected":false},"excerpt":{"rendered":"<p>Ein weiteres Sondermodell der Firma CONRAD ist der LIEBHERR T 282 B in der gelben Version. Dieses Modell ist so wohl bei den einschl\u00e4gigen Modellshops im Internet sehr schwer zu bekommen, noch bestehen gro\u00dfe Chancen es \u00fcber eBay und eBay &hellip; <a href=\"http:\/\/liebherr-baggermodelle.de\/?page_id=666\">Weiterlesen <span class=\"meta-nav\">&rarr;<\/span><\/a><\/p>\n","protected":false},"author":1,"featured_media":0,"parent":140,"menu_order":3,"comment_status":"closed","ping_status":"closed","template":"","meta":[],"_links":{"self":[{"href":"http:\/\/liebherr-baggermodelle.de\/index.php?rest_route=\/wp\/v2\/pages\/666"}],"collection":[{"href":"http:\/\/liebherr-baggermodelle.de\/index.php?rest_route=\/wp\/v2\/pages"}],"about":[{"href":"http:\/\/liebherr-baggermodelle.de\/index.php?rest_route=\/wp\/v2\/types\/page"}],"author":[{"embeddable":true,"href":"http:\/\/liebherr-baggermodelle.de\/index.php?rest_route=\/wp\/v2\/users\/1"}],"replies":[{"embeddable":true,"href":"http:\/\/liebherr-baggermodelle.de\/index.php?rest_route=%2Fwp%2Fv2%2Fcomments&post=666"}],"version-history":[{"count":4,"href":"http:\/\/liebherr-baggermodelle.de\/index.php?rest_route=\/wp\/v2\/pages\/666\/revisions"}],"predecessor-version":[{"id":760,"href":"http:\/\/liebherr-baggermodelle.de\/index.php?rest_route=\/wp\/v2\/pages\/666\/revisions\/760"}],"up":[{"embeddable":true,"href":"http:\/\/liebherr-baggermodelle.de\/index.php?rest_route=\/wp\/v2\/pages\/140"}],"wp:attachment":[{"href":"http:\/\/liebherr-baggermodelle.de\/index.php?rest_route=%2Fwp%2Fv2%2Fmedia&parent=666"}],"curies":[{"name":"wp","href":"https:\/\/api.w.org\/{rel}","templated":true}]}}