{"id":794,"date":"2022-06-18T12:22:22","date_gmt":"2022-06-18T10:22:22","guid":{"rendered":"http:\/\/liebherr-baggermodelle.de\/?page_id=794"},"modified":"2022-06-18T15:22:33","modified_gmt":"2022-06-18T13:22:33","slug":"umschlag-bagger","status":"publish","type":"page","link":"http:\/\/liebherr-baggermodelle.de\/?page_id=794","title":{"rendered":"Umschlag Bagger"},"content":{"rendered":"\n<p>In der Fachwelt der Baumaschinen w\u00e4re diese Bezeichnung nicht standesgem\u00e4\u00df, denn w\u00fcrde man sich darauf beziehen, dann w\u00fcrden diese baggern, was sie ja nicht tun, sondern sie schlagen G\u00fcter (Schrott, Baumaterialien, Getreide u.v.a.) um bzw. laden es auf andere Transportm\u00f6glichkeiten zum Weitertransport. Deshalb bezeichnet man derartige Maschinen in der Fachwelt auch Umschlagger\u00e4te.<br>Auch die meisten namhaften Modellhersteller haben sich dieser Umschlagger\u00e4te angenommen und fertigen verschiedene Modelle in den Ma\u00dfst\u00e4ben 1:50 und 1:87. <br>Nat\u00fcrlich bereichern auch einige Umschlagger\u00e4te meine Sammlung, die ich Ihnen gern hier pr\u00e4sentieren m\u00f6chte. Ich w\u00fcnsche Ihnen beim Betrachten der verschiedenen  Modelle viel Spa\u00df und Freude.<br><br><a href=\"http:\/\/liebherr-baggermodelle.de\/?page_id=802\">LIEBHERR R 932 Litronic Umschlagger\u00e4t<\/a><\/p>\n\n\n\n<p><\/p>\n\n\n\n<p><a href=\"http:\/\/liebherr-baggermodelle.de\/?page_id=59\">LIEBHERR Modelle<\/a><\/p>\n","protected":false},"excerpt":{"rendered":"<p>In der Fachwelt der Baumaschinen w\u00e4re diese Bezeichnung nicht standesgem\u00e4\u00df, denn w\u00fcrde man sich darauf beziehen, dann w\u00fcrden diese baggern, was sie ja nicht tun, sondern sie schlagen G\u00fcter (Schrott, Baumaterialien, Getreide u.v.a.) um bzw. laden es auf andere Transportm\u00f6glichkeiten &hellip; <a href=\"http:\/\/liebherr-baggermodelle.de\/?page_id=794\">Weiterlesen <span class=\"meta-nav\">&rarr;<\/span><\/a><\/p>\n","protected":false},"author":1,"featured_media":0,"parent":81,"menu_order":1,"comment_status":"closed","ping_status":"closed","template":"","meta":[],"_links":{"self":[{"href":"http:\/\/liebherr-baggermodelle.de\/index.php?rest_route=\/wp\/v2\/pages\/794"}],"collection":[{"href":"http:\/\/liebherr-baggermodelle.de\/index.php?rest_route=\/wp\/v2\/pages"}],"about":[{"href":"http:\/\/liebherr-baggermodelle.de\/index.php?rest_route=\/wp\/v2\/types\/page"}],"author":[{"embeddable":true,"href":"http:\/\/liebherr-baggermodelle.de\/index.php?rest_route=\/wp\/v2\/users\/1"}],"replies":[{"embeddable":true,"href":"http:\/\/liebherr-baggermodelle.de\/index.php?rest_route=%2Fwp%2Fv2%2Fcomments&post=794"}],"version-history":[{"count":7,"href":"http:\/\/liebherr-baggermodelle.de\/index.php?rest_route=\/wp\/v2\/pages\/794\/revisions"}],"predecessor-version":[{"id":818,"href":"http:\/\/liebherr-baggermodelle.de\/index.php?rest_route=\/wp\/v2\/pages\/794\/revisions\/818"}],"up":[{"embeddable":true,"href":"http:\/\/liebherr-baggermodelle.de\/index.php?rest_route=\/wp\/v2\/pages\/81"}],"wp:attachment":[{"href":"http:\/\/liebherr-baggermodelle.de\/index.php?rest_route=%2Fwp%2Fv2%2Fmedia&parent=794"}],"curies":[{"name":"wp","href":"https:\/\/api.w.org\/{rel}","templated":true}]}}