{"id":254,"date":"2021-05-26T23:07:39","date_gmt":"2021-05-26T21:07:39","guid":{"rendered":"http:\/\/liebherr-baggermodelle.de\/?page_id=254"},"modified":"2021-05-26T23:08:30","modified_gmt":"2021-05-26T21:08:30","slug":"hinweis-in-eigener-sache","status":"publish","type":"page","link":"https:\/\/liebherr-baggermodelle.de\/?page_id=254","title":{"rendered":"Hinweis in eigener Sache"},"content":{"rendered":"\n<p>Liebe Besucher meiner Homepage liebherr-baggermodell.de.<br>Diese Seiten sind nicht von einem Profi erstellt, oder gar von einer Webdesigner Agentur programmiert worden. Diese Seiten entstanden in m\u00fchevoller Handarbeit und in unz\u00e4hligen N\u00e4chten, in denen ich mir das ben\u00f6tigte Wissen durch praktisches Probieren angeeignet habe.<br>Es gibt zwar auf dem Markt Literatur zur Word Press, aber auch da werden immer wieder tiefere Kenntnisse im Programmieren gefordert, die ich leider nicht besitze.<br>Auch befinden sich im Netz unz\u00e4hlige Videos, die mir hin und wieder bei auftretenden Fehlern und Problemen eine gute Hilfestellung gegeben haben. Aber, letztendlich ist es der Mensch, der am Computer oder Laptop sitz um das alles umzusetzen. <br>Ich habe in dieser Zeit bestimmt einige hunderttausende grauen Haare mehr bekommen und habe so manches nicht salonf\u00e4hige Schimpfwort gen Himmel geschickt. Aber, letztendlich ist es mir mit viel M\u00fche und Ausdauer doch gelungen diese Seiten ins Netz zu bringen.<br><br>Deshalb m\u00f6chte ich Sie bitten, Nachsicht walten zu lassen, wenn dies, oder das nicht ganz Ihren Anspr\u00fcchen von einer Homepage entspricht. Sie k\u00f6nnen mir gern Ihre Kritik und ernsthaften Vorschl\u00e4ge zur Optimierung per Mail mitteilen und ich werde mich dann im Rahmen meiner M\u00f6glichkeiten darum bem\u00fchen, diese umzusetzen.<br><br>Ich habe bewusst keine Kommentarfunktionen auf den einzelnen Seiten aktiviert, weil in der Vergangenheit viele Kommentare &#8220;unterirdisch&#8221; schlecht und teilweise sexistisch gewesen sind. Dies muss ich mir nun wahrlich in dieser, doch f\u00fcr uns alle nicht geraden einfachen Zeit antun.<br><br>Ich bedanke mich bei Ihnen f\u00fcr Ihr Verst\u00e4ndnis und verbleibe in diesem Sinne Ihr<\/p>\n\n\n\n<p>Ullrich Triemer<br><\/p>\n\n\n\n<p><a href=\"http:\/\/liebherr-baggermodelle.de\/\">Startseite<\/a><\/p>\n","protected":false},"excerpt":{"rendered":"<p>Liebe Besucher meiner Homepage liebherr-baggermodell.de.Diese Seiten sind nicht von einem Profi erstellt, oder gar von einer Webdesigner Agentur programmiert worden. Diese Seiten entstanden in m\u00fchevoller Handarbeit und in unz\u00e4hligen N\u00e4chten, in denen ich mir das ben\u00f6tigte Wissen durch praktisches Probieren &hellip; <a href=\"https:\/\/liebherr-baggermodelle.de\/?page_id=254\">Weiterlesen <span class=\"meta-nav\">&rarr;<\/span><\/a><\/p>\n","protected":false},"author":1,"featured_media":0,"parent":66,"menu_order":2,"comment_status":"closed","ping_status":"closed","template":"","meta":[],"_links":{"self":[{"href":"https:\/\/liebherr-baggermodelle.de\/index.php?rest_route=\/wp\/v2\/pages\/254"}],"collection":[{"href":"https:\/\/liebherr-baggermodelle.de\/index.php?rest_route=\/wp\/v2\/pages"}],"about":[{"href":"https:\/\/liebherr-baggermodelle.de\/index.php?rest_route=\/wp\/v2\/types\/page"}],"author":[{"embeddable":true,"href":"https:\/\/liebherr-baggermodelle.de\/index.php?rest_route=\/wp\/v2\/users\/1"}],"replies":[{"embeddable":true,"href":"https:\/\/liebherr-baggermodelle.de\/index.php?rest_route=%2Fwp%2Fv2%2Fcomments&post=254"}],"version-history":[{"count":8,"href":"https:\/\/liebherr-baggermodelle.de\/index.php?rest_route=\/wp\/v2\/pages\/254\/revisions"}],"predecessor-version":[{"id":262,"href":"https:\/\/liebherr-baggermodelle.de\/index.php?rest_route=\/wp\/v2\/pages\/254\/revisions\/262"}],"up":[{"embeddable":true,"href":"https:\/\/liebherr-baggermodelle.de\/index.php?rest_route=\/wp\/v2\/pages\/66"}],"wp:attachment":[{"href":"https:\/\/liebherr-baggermodelle.de\/index.php?rest_route=%2Fwp%2Fv2%2Fmedia&parent=254"}],"curies":[{"name":"wp","href":"https:\/\/api.w.org\/{rel}","templated":true}]}}